{"id":344,"date":"2024-07-30T17:37:52","date_gmt":"2024-07-30T17:37:52","guid":{"rendered":"https:\/\/mangoemex.com\/congreso\/?page_id=344"},"modified":"2024-07-30T17:53:14","modified_gmt":"2024-07-30T17:53:14","slug":"area-comercial","status":"publish","type":"page","link":"https:\/\/mangoemex.com\/congreso\/area-comercial\/","title":{"rendered":"AREA COMERCIAL"},"content":{"rendered":"<p>[et_pb_section fb_built=\u00bb1&#8243; fullwidth=\u00bbon\u00bb _builder_version=\u00bb4.24.0&#8243; _module_preset=\u00bbdefault\u00bb global_colors_info=\u00bb{}\u00bb][et_pb_fullwidth_image src=\u00bbhttps:\/\/mangoemex.com\/congreso\/wp-content\/uploads\/2024\/07\/congreso-mango-emex-patrocinio-bann-area.webp\u00bb title_text=\u00bbcongreso-mango-emex-patrocinio-bann-area-cel\u00bb src_tablet=\u00bbhttps:\/\/mangoemex.com\/congreso\/wp-content\/uploads\/2024\/03\/congreso-mango-emex-banner.webp\u00bb src_phone=\u00bbhttps:\/\/mangoemex.com\/congreso\/wp-content\/uploads\/2024\/07\/congreso-mango-emex-patrocinio-bann-area-cel.webp\u00bb src_last_edited=\u00bbon|phone\u00bb _builder_version=\u00bb4.24.0&#8243; _module_preset=\u00bbdefault\u00bb custom_margin_tablet=\u00bb\u00bb custom_margin_phone=\u00bb30px||||false|false\u00bb custom_margin_last_edited=\u00bbon|phone\u00bb animation_style=\u00bbslide\u00bb animation_direction=\u00bbleft\u00bb hover_enabled=\u00bb0&#8243; global_colors_info=\u00bb{}\u00bb sticky_enabled=\u00bb0&#8243;][\/et_pb_fullwidth_image][\/et_pb_section][et_pb_section fb_built=\u00bb1&#8243; _builder_version=\u00bb4.24.0&#8243; _module_preset=\u00bbdefault\u00bb hover_enabled=\u00bb0&#8243; global_colors_info=\u00bb{}\u00bb title_text=\u00bbcongreso-mango-emex-circ2&#8243; background_image=\u00bbhttps:\/\/mangoemex.com\/congreso\/wp-content\/uploads\/2024\/03\/congreso-mango-emex-circ2.webp\u00bb background_size=\u00bbcustom\u00bb background_image_width=\u00bb6%\u00bb background_position=\u00bbtop_left\u00bb background_horizontal_offset=\u00bb3%\u00bb background_vertical_offset=\u00bb4%\u00bb sticky_enabled=\u00bb0&#8243;][et_pb_row _builder_version=\u00bb4.24.0&#8243; _module_preset=\u00bbdefault\u00bb custom_margin=\u00bb||0px||false|false\u00bb custom_padding=\u00bb||0px||false|false\u00bb global_colors_info=\u00bb{}\u00bb][et_pb_column type=\u00bb4_4&#8243; _builder_version=\u00bb4.24.0&#8243; _module_preset=\u00bbdefault\u00bb global_colors_info=\u00bb{}\u00bb][et_pb_text _builder_version=\u00bb4.24.0&#8243; _module_preset=\u00bbdefault\u00bb header_font=\u00bbMontserrat||||||||\u00bb header_text_color=\u00bb#485A25&#8243; header_font_size=\u00bb25px\u00bb header_line_height=\u00bb1.3em\u00bb animation_style=\u00bbslide\u00bb animation_direction=\u00bbbottom\u00bb hover_enabled=\u00bb0&#8243; header_font_size_tablet=\u00bb23px\u00bb header_font_size_phone=\u00bb22px\u00bb header_font_size_last_edited=\u00bbon|phone\u00bb global_colors_info=\u00bb{}\u00bb sticky_enabled=\u00bb0&#8243;]<\/p>\n<h1 style=\"text-align: center;\">Impulsa Tu Negocio con Alianzas Estrat\u00e9gicas<\/h1>\n<p>[\/et_pb_text][\/et_pb_column][\/et_pb_row][et_pb_row column_structure=\u00bb1_2,1_2&#8243; _builder_version=\u00bb4.24.0&#8243; _module_preset=\u00bbdefault\u00bb hover_enabled=\u00bb0&#8243; global_colors_info=\u00bb{}\u00bb sticky_enabled=\u00bb0&#8243;][et_pb_column type=\u00bb1_2&#8243; _builder_version=\u00bb4.24.0&#8243; _module_preset=\u00bbdefault\u00bb global_colors_info=\u00bb{}\u00bb][et_pb_text _builder_version=\u00bb4.24.0&#8243; _module_preset=\u00bbdefault\u00bb header_2_font=\u00bb|700|||||||\u00bb header_2_text_color=\u00bb#485A25&#8243; header_2_font_size=\u00bb25px\u00bb header_2_line_height=\u00bb1.3em\u00bb animation_style=\u00bbzoom\u00bb hover_enabled=\u00bb0&#8243; header_2_font_size_tablet=\u00bb22px\u00bb header_2_font_size_phone=\u00bb19px\u00bb header_2_font_size_last_edited=\u00bbon|phone\u00bb header_2_line_height_tablet=\u00bb1.3em\u00bb header_2_line_height_phone=\u00bb1.6em\u00bb header_2_line_height_last_edited=\u00bbon|phone\u00bb global_colors_info=\u00bb{}\u00bb sticky_enabled=\u00bb0&#8243;]<\/p>\n<h2>Conexiones y oportunidades de crecimiento<\/h2>\n<p>Nuestra \u00e1rea comercial es el espacio ideal para que, como patrocinador, des visibilidad a tu empresa y conectes con l\u00edderes de la industria del mango. Exhibe tus productos y servicios, y muestra tus innovaciones a un p\u00fablico especializado y de alto impacto. No pierdas la oportunidad de destacar tu empresa, generar nuevos negocios y fortalecer relaciones estrat\u00e9gicas.<\/p>\n<p>Para los visitantes, nuestra \u00e1rea comercial ofrece una oportunidad \u00fanica para encontrar proveedores clave para sus negocios. Establece alianzas estrat\u00e9gicas, descubre las \u00faltimas innovaciones del mercado y encuentra soluciones que impulsar\u00e1n el crecimiento de tu empresa. No pierdas la oportunidad de conectar con los mejores en la industria del mango y llevar tu negocio al siguiente nivel.<\/p>\n<p><em><strong>Horarios de \u00e1rea comercial<\/strong><\/em><\/p>\n<p><strong>Jueves 21 de noviembre<\/strong><br \/>09:00 &#8211; Corte de list\u00f3n e inauguraci\u00f3n de \u00e1rea a visitantes<br \/>20:00 &#8211; Cierre<\/p>\n<p><strong>Viernes 22 de noviembre<\/strong><br \/>09:00 &#8211; Toma de fotograf\u00eda y apertura a visitantes<br \/>18:00 &#8211; Cierre<\/p>\n<p>[\/et_pb_text][et_pb_button button_url=\u00bbhttps:\/\/servidor.mangoemex.com\/fmi\/webd\/Congreso\u00bb url_new_window=\u00bbon\u00bb button_text=\u00bb\u00a1ADQUIERE TU BOLETO!\u00bb button_alignment=\u00bbcenter\u00bb _builder_version=\u00bb4.24.0&#8243; _module_preset=\u00bbdefault\u00bb custom_button=\u00bbon\u00bb button_text_size=\u00bb17px\u00bb button_text_color=\u00bb#485A25&#8243; button_bg_color=\u00bb#DDDE55&#8243; button_border_width=\u00bb0px\u00bb button_border_radius=\u00bb30px\u00bb button_font=\u00bbMontserrat||||||||\u00bb button_icon=\u00bb&#xe010;||divi||400&#8243; custom_padding=\u00bb12px||12px||true|false\u00bb animation_style=\u00bbroll\u00bb global_colors_info=\u00bb{}\u00bb][\/et_pb_button][\/et_pb_column][et_pb_column type=\u00bb1_2&#8243; _builder_version=\u00bb4.24.0&#8243; _module_preset=\u00bbdefault\u00bb global_colors_info=\u00bb{}\u00bb][et_pb_image src=\u00bbhttps:\/\/mangoemex.com\/congreso\/wp-content\/uploads\/2024\/07\/congreso-mango-emex-area.webp\u00bb title_text=\u00bbcongreso-mango-emex-area\u00bb align=\u00bbcenter\u00bb _builder_version=\u00bb4.24.0&#8243; _module_preset=\u00bbdefault\u00bb width=\u00bb110%\u00bb width_tablet=\u00bb57%\u00bb width_phone=\u00bb71%\u00bb width_last_edited=\u00bbon|phone\u00bb animation_style=\u00bbslide\u00bb animation_direction=\u00bbleft\u00bb hover_enabled=\u00bb0&#8243; global_colors_info=\u00bb{}\u00bb sticky_enabled=\u00bb0&#8243;][\/et_pb_image][\/et_pb_column][\/et_pb_row][\/et_pb_section][et_pb_section fb_built=\u00bb1&#8243; _builder_version=\u00bb4.24.0&#8243; _module_preset=\u00bbdefault\u00bb use_background_color_gradient=\u00bbon\u00bb background_color_gradient_direction=\u00bb90deg\u00bb background_color_gradient_stops=\u00bb#dcdc5f 0%|#e7ba40 100%\u00bb background_image=\u00bbhttps:\/\/mangoemex.com\/congreso\/wp-content\/uploads\/2024\/07\/congreso-mango-emex-conf-linea.webp\u00bb hover_enabled=\u00bb0&#8243; background_last_edited=\u00bbon|phone\u00bb background_enable_image_tablet=\u00bboff\u00bb background_size_tablet=\u00bbcustom\u00bb background_image_width_tablet=\u00bb100%\u00bb global_colors_info=\u00bb{}\u00bb custom_margin=\u00bb0px||0px||true|false\u00bb custom_padding=\u00bb0px||0px||true|false\u00bb sticky_enabled=\u00bb0&#8243;][et_pb_row column_structure=\u00bb1_2,1_2&#8243; use_custom_gutter=\u00bbon\u00bb gutter_width=\u00bb1&#8243; _builder_version=\u00bb4.24.0&#8243; _module_preset=\u00bbdefault\u00bb hover_enabled=\u00bb0&#8243; global_colors_info=\u00bb{}\u00bb custom_margin=\u00bb0px||0px||true|false\u00bb custom_padding=\u00bb0px||0px||true|false\u00bb sticky_enabled=\u00bb0&#8243;][et_pb_column type=\u00bb1_2&#8243; _builder_version=\u00bb4.24.0&#8243; _module_preset=\u00bbdefault\u00bb hover_enabled=\u00bb0&#8243; global_colors_info=\u00bb{}\u00bb custom_padding=\u00bb8%||8%||true|false\u00bb custom_padding_last_edited=\u00bbon|phone\u00bb sticky_enabled=\u00bb0&#8243; custom_padding_phone=\u00bb11%||11%||true|false\u00bb custom_padding_tablet=\u00bb8%||8%||true|false\u00bb][et_pb_text _builder_version=\u00bb4.24.0&#8243; _module_preset=\u00bbdefault\u00bb header_2_font=\u00bb|700|||||||\u00bb header_2_text_color=\u00bb#485A25&#8243; header_2_font_size=\u00bb48px\u00bb header_2_line_height=\u00bb1.2em\u00bb hover_enabled=\u00bb0&#8243; header_2_font_size_tablet=\u00bb40px\u00bb header_2_font_size_phone=\u00bb26px\u00bb header_2_font_size_last_edited=\u00bbon|phone\u00bb global_colors_info=\u00bb{}\u00bb sticky_enabled=\u00bb0&#8243;]<\/p>\n<h2>\u00a1Convi\u00e9rtete en patrocinador!<\/h2>\n<p>Patrocinar el 4to Congreso de Productores y Exportadores de Mango te permite destacar tu marca y conectar con los l\u00edderes de la industria. Aumenta la visibilidad de tu empresa y fortalece tu presencia en el mercado.<\/p>\n<p>[\/et_pb_text][et_pb_button button_url=\u00bb@ET-DC@eyJkeW5hbWljIjp0cnVlLCJjb250ZW50IjoicG9zdF9saW5rX3VybF9wYWdlIiwic2V0dGluZ3MiOnsicG9zdF9pZCI6IjE4NCJ9fQ==@\u00bb url_new_window=\u00bbon\u00bb button_text=\u00bbVER PATROCINIOS\u00bb button_alignment=\u00bbleft\u00bb _builder_version=\u00bb4.24.0&#8243; _module_preset=\u00bbdefault\u00bb custom_button=\u00bbon\u00bb button_text_size=\u00bb17px\u00bb button_text_color=\u00bb#FFFFFF\u00bb button_bg_color=\u00bb#485A25&#8243; button_border_width=\u00bb0px\u00bb button_border_radius=\u00bb30px\u00bb button_font=\u00bbMontserrat||||||||\u00bb button_icon=\u00bb&#xe010;||divi||400&#8243; custom_margin=\u00bb20px||20px||true|false\u00bb custom_margin_tablet=\u00bb20px||20px||true|false\u00bb custom_margin_phone=\u00bb20px||20px||true|false\u00bb custom_margin_last_edited=\u00bbon|phone\u00bb custom_padding=\u00bb12px||12px||true|false\u00bb animation_style=\u00bbroll\u00bb hover_enabled=\u00bb0&#8243; locked=\u00bboff\u00bb global_colors_info=\u00bb{}\u00bb _dynamic_attributes=\u00bbbutton_url\u00bb sticky_enabled=\u00bb0&#8243;][\/et_pb_button][\/et_pb_column][et_pb_column type=\u00bb1_2&#8243; _builder_version=\u00bb4.24.0&#8243; _module_preset=\u00bbdefault\u00bb global_colors_info=\u00bb{}\u00bb][et_pb_image src=\u00bbhttps:\/\/mangoemex.com\/congreso\/wp-content\/uploads\/2024\/07\/congreso-mango-emex-area2.webp\u00bb title_text=\u00bbcongreso-mango-emex-area2&#8243; show_bottom_space=\u00bboff\u00bb _builder_version=\u00bb4.24.0&#8243; _module_preset=\u00bbdefault\u00bb hover_enabled=\u00bb0&#8243; global_colors_info=\u00bb{}\u00bb sticky_enabled=\u00bb0&#8243;][\/et_pb_image][\/et_pb_column][\/et_pb_row][\/et_pb_section][et_pb_section fb_built=\u00bb1&#8243; module_id=\u00bbcontacto\u00bb _builder_version=\u00bb4.24.0&#8243; _module_preset=\u00bbdefault\u00bb saved_tabs=\u00bball\u00bb global_colors_info=\u00bb{}\u00bb][et_pb_row _builder_version=\u00bb4.24.0&#8243; _module_preset=\u00bbdefault\u00bb global_colors_info=\u00bb{}\u00bb][et_pb_column type=\u00bb4_4&#8243; _builder_version=\u00bb4.24.0&#8243; _module_preset=\u00bbdefault\u00bb global_colors_info=\u00bb{}\u00bb][et_pb_text _builder_version=\u00bb4.24.0&#8243; _module_preset=\u00bbdefault\u00bb text_text_color=\u00bb#E7B940&#8243; text_line_height=\u00bb1.6em\u00bb header_4_font=\u00bbMontserrat|600|on||||||\u00bb header_4_text_color=\u00bb#485A25&#8243; header_4_font_size=\u00bb25px\u00bb header_4_line_height=\u00bb1.3em\u00bb animation_style=\u00bbzoom\u00bb header_4_font_size_tablet=\u00bb21px\u00bb header_4_font_size_phone=\u00bb18px\u00bb header_4_font_size_last_edited=\u00bbon|phone\u00bb global_colors_info=\u00bb{}\u00bb]<\/p>\n<h4 style=\"text-align: center;\">\u00a1Explora, conecta y crece con nosotros en Guadalajara!<\/h4>\n<p style=\"text-align: center;\">S\u00e9 parte de esta <strong>experiencia inolvidable<\/strong> que unir\u00e1 a los <strong>profesionales del mango de todo el mundo<\/strong>.<\/p>\n<p>[\/et_pb_text][\/et_pb_column][\/et_pb_row][et_pb_row column_structure=\u00bb1_2,1_2&#8243; _builder_version=\u00bb4.24.0&#8243; _module_preset=\u00bbdefault\u00bb max_width=\u00bb1100px\u00bb global_colors_info=\u00bb{}\u00bb][et_pb_column type=\u00bb1_2&#8243; _builder_version=\u00bb4.24.0&#8243; _module_preset=\u00bbdefault\u00bb global_colors_info=\u00bb{}\u00bb][et_pb_text _builder_version=\u00bb4.24.0&#8243; _module_preset=\u00bbdefault\u00bb text_text_color=\u00bb#485A25&#8243; text_line_height=\u00bb1.6em\u00bb header_4_font=\u00bbMontserrat|600|on||||||\u00bb header_4_text_color=\u00bb#F35B1D\u00bb header_4_font_size=\u00bb28px\u00bb header_4_line_height=\u00bb1.3em\u00bb custom_margin=\u00bb0.1%||||false|false\u00bb custom_margin_tablet=\u00bb5%||||false|false\u00bb custom_margin_phone=\u00bb5%||||false|false\u00bb custom_margin_last_edited=\u00bbon|phone\u00bb animation_style=\u00bbslide\u00bb animation_direction=\u00bbbottom\u00bb header_4_font_size_tablet=\u00bb19px\u00bb header_4_font_size_phone=\u00bb18px\u00bb header_4_font_size_last_edited=\u00bbon|phone\u00bb global_colors_info=\u00bb{}\u00bb]<\/p>\n<h4 style=\"text-align: left;\">Contacto<\/h4>\n<p>\u00bfTienes alguna pregunta o necesitas m\u00e1s informaci\u00f3n?<br \/>\nComun\u00edcate con nosotros.<\/p>\n<p style=\"text-align: left;\"><strong>T. +52 33 3280 2440<\/strong><br \/>\n<strong>WS. +52 33 1606 8947<\/strong><\/p>\n<p>[\/et_pb_text][\/et_pb_column][et_pb_column type=\u00bb1_2&#8243; _builder_version=\u00bb4.24.0&#8243; _module_preset=\u00bbdefault\u00bb global_colors_info=\u00bb{}\u00bb][dsm_contact_form_7 cf7_library=\u00bb348&#8243; input_background_color=\u00bbrgba(72,90,37,0.15)\u00bb _builder_version=\u00bb4.24.0&#8243; _module_preset=\u00bbdefault\u00bb placeholder_text_color=\u00bb#485A25&#8243; radio_checkbox_font_size=\u00bb13px\u00bb custom_button_one=\u00bbon\u00bb button_one_text_color=\u00bb#FFFFFF\u00bb button_one_bg_color=\u00bb#E7B940&#8243; button_one_border_width=\u00bb0px\u00bb button_one_border_radius=\u00bb50px\u00bb hover_enabled=\u00bb0&#8243; border_radii_image=\u00bbon|15px|15px|15px|15px\u00bb global_colors_info=\u00bb{}\u00bb sticky_enabled=\u00bb0&#8243;][\/dsm_contact_form_7][\/et_pb_column][\/et_pb_row][\/et_pb_section]<\/p>\n","protected":false},"excerpt":{"rendered":"<p>Impulsa Tu Negocio con Alianzas Estrat\u00e9gicasConexiones y oportunidades de crecimiento Nuestra \u00e1rea comercial es el espacio ideal para que, como patrocinador, des visibilidad a tu empresa y conectes con l\u00edderes de la industria del mango. Exhibe tus productos y servicios, y muestra tus innovaciones a un p\u00fablico especializado y de alto impacto. No pierdas la [&hellip;]<\/p>\n","protected":false},"author":1,"featured_media":0,"parent":0,"menu_order":0,"comment_status":"closed","ping_status":"closed","template":"","meta":{"_et_pb_use_builder":"on","_et_pb_old_content":"","_et_gb_content_width":"","footnotes":""},"class_list":["post-344","page","type-page","status-publish","hentry"],"yoast_head":"<!-- This site is optimized with the Yoast SEO plugin v27.5 - https:\/\/yoast.com\/product\/yoast-seo-wordpress\/ -->\n<title>AREA COMERCIAL -<\/title>\n<meta name=\"robots\" content=\"index, follow, max-snippet:-1, max-image-preview:large, max-video-preview:-1\" \/>\n<link rel=\"canonical\" href=\"https:\/\/mangoemex.com\/congreso\/area-comercial\/\" \/>\n<meta property=\"og:locale\" content=\"es_ES\" \/>\n<meta property=\"og:type\" content=\"article\" \/>\n<meta property=\"og:title\" content=\"AREA COMERCIAL -\" \/>\n<meta property=\"og:description\" content=\"Impulsa Tu Negocio con Alianzas Estrat\u00e9gicasConexiones y oportunidades de crecimiento Nuestra \u00e1rea comercial es el espacio ideal para que, como patrocinador, des visibilidad a tu empresa y conectes con l\u00edderes de la industria del mango. Exhibe tus productos y servicios, y muestra tus innovaciones a un p\u00fablico especializado y de alto impacto. No pierdas la [&hellip;]\" \/>\n<meta property=\"og:url\" content=\"https:\/\/mangoemex.com\/congreso\/area-comercial\/\" \/>\n<meta property=\"article:modified_time\" content=\"2024-07-30T17:53:14+00:00\" \/>\n<meta name=\"twitter:card\" content=\"summary_large_image\" \/>\n<meta name=\"twitter:label1\" content=\"Tiempo de lectura\" \/>\n\t<meta name=\"twitter:data1\" content=\"5 minutos\" \/>\n<script type=\"application\/ld+json\" class=\"yoast-schema-graph\">{\"@context\":\"https:\\\/\\\/schema.org\",\"@graph\":[{\"@type\":\"WebPage\",\"@id\":\"https:\\\/\\\/mangoemex.com\\\/congreso\\\/area-comercial\\\/\",\"url\":\"https:\\\/\\\/mangoemex.com\\\/congreso\\\/area-comercial\\\/\",\"name\":\"AREA COMERCIAL -\",\"isPartOf\":{\"@id\":\"https:\\\/\\\/mangoemex.com\\\/congreso\\\/#website\"},\"datePublished\":\"2024-07-30T17:37:52+00:00\",\"dateModified\":\"2024-07-30T17:53:14+00:00\",\"breadcrumb\":{\"@id\":\"https:\\\/\\\/mangoemex.com\\\/congreso\\\/area-comercial\\\/#breadcrumb\"},\"inLanguage\":\"es\",\"potentialAction\":[{\"@type\":\"ReadAction\",\"target\":[\"https:\\\/\\\/mangoemex.com\\\/congreso\\\/area-comercial\\\/\"]}]},{\"@type\":\"BreadcrumbList\",\"@id\":\"https:\\\/\\\/mangoemex.com\\\/congreso\\\/area-comercial\\\/#breadcrumb\",\"itemListElement\":[{\"@type\":\"ListItem\",\"position\":1,\"name\":\"Portada\",\"item\":\"https:\\\/\\\/mangoemex.com\\\/congreso\\\/\"},{\"@type\":\"ListItem\",\"position\":2,\"name\":\"AREA COMERCIAL\"}]},{\"@type\":\"WebSite\",\"@id\":\"https:\\\/\\\/mangoemex.com\\\/congreso\\\/#website\",\"url\":\"https:\\\/\\\/mangoemex.com\\\/congreso\\\/\",\"name\":\"\",\"description\":\"\",\"potentialAction\":[{\"@type\":\"SearchAction\",\"target\":{\"@type\":\"EntryPoint\",\"urlTemplate\":\"https:\\\/\\\/mangoemex.com\\\/congreso\\\/?s={search_term_string}\"},\"query-input\":{\"@type\":\"PropertyValueSpecification\",\"valueRequired\":true,\"valueName\":\"search_term_string\"}}],\"inLanguage\":\"es\"}]}<\/script>\n<!-- \/ Yoast SEO plugin. -->","yoast_head_json":{"title":"AREA COMERCIAL -","robots":{"index":"index","follow":"follow","max-snippet":"max-snippet:-1","max-image-preview":"max-image-preview:large","max-video-preview":"max-video-preview:-1"},"canonical":"https:\/\/mangoemex.com\/congreso\/area-comercial\/","og_locale":"es_ES","og_type":"article","og_title":"AREA COMERCIAL -","og_description":"Impulsa Tu Negocio con Alianzas Estrat\u00e9gicasConexiones y oportunidades de crecimiento Nuestra \u00e1rea comercial es el espacio ideal para que, como patrocinador, des visibilidad a tu empresa y conectes con l\u00edderes de la industria del mango. Exhibe tus productos y servicios, y muestra tus innovaciones a un p\u00fablico especializado y de alto impacto. No pierdas la [&hellip;]","og_url":"https:\/\/mangoemex.com\/congreso\/area-comercial\/","article_modified_time":"2024-07-30T17:53:14+00:00","twitter_card":"summary_large_image","twitter_misc":{"Tiempo de lectura":"5 minutos"},"schema":{"@context":"https:\/\/schema.org","@graph":[{"@type":"WebPage","@id":"https:\/\/mangoemex.com\/congreso\/area-comercial\/","url":"https:\/\/mangoemex.com\/congreso\/area-comercial\/","name":"AREA COMERCIAL -","isPartOf":{"@id":"https:\/\/mangoemex.com\/congreso\/#website"},"datePublished":"2024-07-30T17:37:52+00:00","dateModified":"2024-07-30T17:53:14+00:00","breadcrumb":{"@id":"https:\/\/mangoemex.com\/congreso\/area-comercial\/#breadcrumb"},"inLanguage":"es","potentialAction":[{"@type":"ReadAction","target":["https:\/\/mangoemex.com\/congreso\/area-comercial\/"]}]},{"@type":"BreadcrumbList","@id":"https:\/\/mangoemex.com\/congreso\/area-comercial\/#breadcrumb","itemListElement":[{"@type":"ListItem","position":1,"name":"Portada","item":"https:\/\/mangoemex.com\/congreso\/"},{"@type":"ListItem","position":2,"name":"AREA COMERCIAL"}]},{"@type":"WebSite","@id":"https:\/\/mangoemex.com\/congreso\/#website","url":"https:\/\/mangoemex.com\/congreso\/","name":"","description":"","potentialAction":[{"@type":"SearchAction","target":{"@type":"EntryPoint","urlTemplate":"https:\/\/mangoemex.com\/congreso\/?s={search_term_string}"},"query-input":{"@type":"PropertyValueSpecification","valueRequired":true,"valueName":"search_term_string"}}],"inLanguage":"es"}]}},"_links":{"self":[{"href":"https:\/\/mangoemex.com\/congreso\/wp-json\/wp\/v2\/pages\/344","targetHints":{"allow":["GET"]}}],"collection":[{"href":"https:\/\/mangoemex.com\/congreso\/wp-json\/wp\/v2\/pages"}],"about":[{"href":"https:\/\/mangoemex.com\/congreso\/wp-json\/wp\/v2\/types\/page"}],"author":[{"embeddable":true,"href":"https:\/\/mangoemex.com\/congreso\/wp-json\/wp\/v2\/users\/1"}],"replies":[{"embeddable":true,"href":"https:\/\/mangoemex.com\/congreso\/wp-json\/wp\/v2\/comments?post=344"}],"version-history":[{"count":4,"href":"https:\/\/mangoemex.com\/congreso\/wp-json\/wp\/v2\/pages\/344\/revisions"}],"predecessor-version":[{"id":356,"href":"https:\/\/mangoemex.com\/congreso\/wp-json\/wp\/v2\/pages\/344\/revisions\/356"}],"wp:attachment":[{"href":"https:\/\/mangoemex.com\/congreso\/wp-json\/wp\/v2\/media?parent=344"}],"curies":[{"name":"wp","href":"https:\/\/api.w.org\/{rel}","templated":true}]}}